{"id":2714,"date":"2023-07-18T09:12:13","date_gmt":"2023-07-18T09:12:13","guid":{"rendered":"https:\/\/vskgroup.net\/about-us\/"},"modified":"2023-08-05T02:12:14","modified_gmt":"2023-08-05T02:12:14","slug":"about-us","status":"publish","type":"page","link":"https:\/\/vskgroup.net\/en\/about-us\/","title":{"rendered":"About Us"},"content":{"rendered":"\t\t<div data-elementor-type=\"wp-page\" data-elementor-id=\"2714\" class=\"elementor elementor-2714 elementor-12\" data-elementor-post-type=\"page\">\n\t\t\t\t\t\t\t<div class=\"elementor-element elementor-element-607df81 e-con-full e-flex e-con\" data-id=\"607df81\" data-element_type=\"container\" data-settings=\"{&quot;content_width&quot;:&quot;full&quot;}\">\n\t\t\t\t<div class=\"elementor-element elementor-element-2c4ccde elementor-widget elementor-widget-image\" data-id=\"2c4ccde\" data-element_type=\"widget\" data-widget_type=\"image.default\">\n\t\t\t\t<div class=\"elementor-widget-container\">\n\t\t\t<style>\/*! elementor - v3.15.0 - 02-08-2023 *\/\n.elementor-widget-image{text-align:center}.elementor-widget-image a{display:inline-block}.elementor-widget-image a img[src$=\".svg\"]{width:48px}.elementor-widget-image img{vertical-align:middle;display:inline-block}<\/style>\t\t\t\t\t\t\t\t\t\t\t\t<img loading=\"lazy\" decoding=\"async\" width=\"2560\" height=\"975\" src=\"https:\/\/vskgroup.net\/wp-content\/uploads\/2023\/07\/6-5831-scaled.jpg\" class=\"attachment-full size-full wp-image-130\" alt=\"\" srcset=\"https:\/\/vskgroup.net\/wp-content\/uploads\/2023\/07\/6-5831-scaled.jpg 2560w, https:\/\/vskgroup.net\/wp-content\/uploads\/2023\/07\/6-5831-300x114.jpg 300w, https:\/\/vskgroup.net\/wp-content\/uploads\/2023\/07\/6-5831-1024x390.jpg 1024w, https:\/\/vskgroup.net\/wp-content\/uploads\/2023\/07\/6-5831-768x293.jpg 768w, https:\/\/vskgroup.net\/wp-content\/uploads\/2023\/07\/6-5831-1536x585.jpg 1536w, https:\/\/vskgroup.net\/wp-content\/uploads\/2023\/07\/6-5831-2048x780.jpg 2048w\" sizes=\"auto, (max-width: 2560px) 100vw, 2560px\" \/>\t\t\t\t\t\t\t\t\t\t\t\t\t\t\t<\/div>\n\t\t\t\t<\/div>\n\t\t\t\t<\/div>\n\t\t<div class=\"elementor-element elementor-element-6476c3c tp-tab e-flex e-con-boxed e-con\" data-id=\"6476c3c\" data-element_type=\"container\" data-settings=\"{&quot;content_width&quot;:&quot;boxed&quot;}\">\n\t\t\t\t\t<div class=\"e-con-inner\">\n\t\t\t\t<div class=\"elementor-element elementor-element-d7fa0e7 elementor-tabs-alignment-center elementor-tabs-view-horizontal elementor-widget elementor-widget-tabs\" data-id=\"d7fa0e7\" data-element_type=\"widget\" data-widget_type=\"tabs.default\">\n\t\t\t\t<div class=\"elementor-widget-container\">\n\t\t\t<style>\/*! elementor - v3.15.0 - 02-08-2023 *\/\n.elementor-widget-tabs.elementor-tabs-view-vertical .elementor-tabs-wrapper{width:25%;flex-shrink:0}.elementor-widget-tabs.elementor-tabs-view-vertical .elementor-tab-desktop-title.elementor-active{border-right-style:none}.elementor-widget-tabs.elementor-tabs-view-vertical .elementor-tab-desktop-title.elementor-active:after,.elementor-widget-tabs.elementor-tabs-view-vertical .elementor-tab-desktop-title.elementor-active:before{height:999em;width:0;right:0;border-right-style:solid}.elementor-widget-tabs.elementor-tabs-view-vertical .elementor-tab-desktop-title.elementor-active:before{top:0;transform:translateY(-100%)}.elementor-widget-tabs.elementor-tabs-view-vertical .elementor-tab-desktop-title.elementor-active:after{top:100%}.elementor-widget-tabs.elementor-tabs-view-horizontal .elementor-tab-desktop-title{display:table-cell}.elementor-widget-tabs.elementor-tabs-view-horizontal .elementor-tab-desktop-title.elementor-active{border-bottom-style:none}.elementor-widget-tabs.elementor-tabs-view-horizontal .elementor-tab-desktop-title.elementor-active:after,.elementor-widget-tabs.elementor-tabs-view-horizontal .elementor-tab-desktop-title.elementor-active:before{bottom:0;height:0;width:999em;border-bottom-style:solid}.elementor-widget-tabs.elementor-tabs-view-horizontal .elementor-tab-desktop-title.elementor-active:before{right:100%}.elementor-widget-tabs.elementor-tabs-view-horizontal .elementor-tab-desktop-title.elementor-active:after{left:100%}.elementor-widget-tabs .elementor-tab-content,.elementor-widget-tabs .elementor-tab-title,.elementor-widget-tabs .elementor-tab-title:after,.elementor-widget-tabs .elementor-tab-title:before,.elementor-widget-tabs .elementor-tabs-content-wrapper{border:1px #d5d8dc}.elementor-widget-tabs .elementor-tabs{text-align:left}.elementor-widget-tabs .elementor-tabs-wrapper{overflow:hidden}.elementor-widget-tabs .elementor-tab-title{cursor:pointer;outline:var(--focus-outline,none)}.elementor-widget-tabs .elementor-tab-desktop-title{position:relative;padding:20px 25px;font-weight:700;line-height:1;border:solid transparent}.elementor-widget-tabs .elementor-tab-desktop-title.elementor-active{border-color:#d5d8dc}.elementor-widget-tabs .elementor-tab-desktop-title.elementor-active:after,.elementor-widget-tabs .elementor-tab-desktop-title.elementor-active:before{display:block;content:\"\";position:absolute}.elementor-widget-tabs .elementor-tab-desktop-title:focus-visible{border:1px solid #000}.elementor-widget-tabs .elementor-tab-mobile-title{padding:10px;cursor:pointer}.elementor-widget-tabs .elementor-tab-content{padding:20px;display:none}@media (max-width:767px){.elementor-tabs .elementor-tab-content,.elementor-tabs .elementor-tab-title{border-style:solid solid none}.elementor-tabs .elementor-tabs-wrapper{display:none}.elementor-tabs .elementor-tabs-content-wrapper{border-bottom-style:solid}.elementor-tabs .elementor-tab-content{padding:10px}}@media (min-width:768px){.elementor-widget-tabs.elementor-tabs-view-vertical .elementor-tabs{display:flex}.elementor-widget-tabs.elementor-tabs-view-vertical .elementor-tabs-wrapper{flex-direction:column}.elementor-widget-tabs.elementor-tabs-view-vertical .elementor-tabs-content-wrapper{flex-grow:1;border-style:solid solid solid none}.elementor-widget-tabs.elementor-tabs-view-horizontal .elementor-tab-content{border-style:none solid solid}.elementor-widget-tabs.elementor-tabs-alignment-center .elementor-tabs-wrapper,.elementor-widget-tabs.elementor-tabs-alignment-end .elementor-tabs-wrapper,.elementor-widget-tabs.elementor-tabs-alignment-stretch .elementor-tabs-wrapper{display:flex}.elementor-widget-tabs.elementor-tabs-alignment-center .elementor-tabs-wrapper{justify-content:center}.elementor-widget-tabs.elementor-tabs-alignment-end .elementor-tabs-wrapper{justify-content:flex-end}.elementor-widget-tabs.elementor-tabs-alignment-stretch.elementor-tabs-view-horizontal .elementor-tab-title{width:100%}.elementor-widget-tabs.elementor-tabs-alignment-stretch.elementor-tabs-view-vertical .elementor-tab-title{height:100%}.elementor-tabs .elementor-tab-mobile-title{display:none}}<\/style>\t\t<div class=\"elementor-tabs\">\n\t\t\t<div class=\"elementor-tabs-wrapper\" role=\"tablist\" >\n\t\t\t\t\t\t\t\t\t<div id=\"elementor-tab-title-2261\" class=\"elementor-tab-title elementor-tab-desktop-title\" aria-selected=\"true\" data-tab=\"1\" role=\"tab\" tabindex=\"0\" aria-controls=\"elementor-tab-content-2261\" aria-expanded=\"false\">Vision - Mission<\/div>\n\t\t\t\t\t\t\t\t\t<div id=\"elementor-tab-title-2262\" class=\"elementor-tab-title elementor-tab-desktop-title\" aria-selected=\"false\" data-tab=\"2\" role=\"tab\" tabindex=\"-1\" aria-controls=\"elementor-tab-content-2262\" aria-expanded=\"false\">A member company<\/div>\n\t\t\t\t\t\t\t<\/div>\n\t\t\t<div class=\"elementor-tabs-content-wrapper\" role=\"tablist\" aria-orientation=\"vertical\">\n\t\t\t\t\t\t\t\t\t<div class=\"elementor-tab-title elementor-tab-mobile-title\" aria-selected=\"true\" data-tab=\"1\" role=\"tab\" tabindex=\"0\" aria-controls=\"elementor-tab-content-2261\" aria-expanded=\"false\">Vision - Mission<\/div>\n\t\t\t\t\t<div id=\"elementor-tab-content-2261\" class=\"elementor-tab-content elementor-clearfix\" data-tab=\"1\" role=\"tabpanel\" aria-labelledby=\"elementor-tab-title-2261\" tabindex=\"0\" hidden=\"false\"><p>\t\t<div data-elementor-type=\"section\" data-elementor-id=\"964\" class=\"elementor elementor-964 elementor-160\" data-elementor-post-type=\"elementor_library\">\n\t\t\t\t\t\t<div class=\"elementor-element elementor-element-21f71f5 e-flex e-con-boxed e-con\" data-id=\"21f71f5\" data-element_type=\"container\" data-settings=\"{&quot;content_width&quot;:&quot;boxed&quot;}\">\n\t\t\t\t\t<div class=\"e-con-inner\">\n\t\t<div class=\"elementor-element elementor-element-88dd25a e-con-full e-flex e-con\" data-id=\"88dd25a\" data-element_type=\"container\" data-settings=\"{&quot;content_width&quot;:&quot;full&quot;}\">\n\t\t\t\t<div class=\"elementor-element elementor-element-7410c80 elementor-widget elementor-widget-heading\" data-id=\"7410c80\" data-element_type=\"widget\" data-widget_type=\"heading.default\">\n\t\t\t\t<div class=\"elementor-widget-container\">\n\t\t\t<style>\/*! elementor - v3.15.0 - 02-08-2023 *\/\n.elementor-heading-title{padding:0;margin:0;line-height:1}.elementor-widget-heading .elementor-heading-title[class*=elementor-size-]>a{color:inherit;font-size:inherit;line-height:inherit}.elementor-widget-heading .elementor-heading-title.elementor-size-small{font-size:15px}.elementor-widget-heading .elementor-heading-title.elementor-size-medium{font-size:19px}.elementor-widget-heading .elementor-heading-title.elementor-size-large{font-size:29px}.elementor-widget-heading .elementor-heading-title.elementor-size-xl{font-size:39px}.elementor-widget-heading .elementor-heading-title.elementor-size-xxl{font-size:59px}<\/style><h2 class=\"elementor-heading-title elementor-size-default\">Introduction:<\/h2>\t\t<\/div>\n\t\t\t\t<\/div>\n\t\t\t\t<div class=\"elementor-element elementor-element-36b3dde elementor-widget elementor-widget-text-editor\" data-id=\"36b3dde\" data-element_type=\"widget\" data-widget_type=\"text-editor.default\">\n\t\t\t\t<div class=\"elementor-widget-container\">\n\t\t\t<style>\/*! elementor - v3.15.0 - 02-08-2023 *\/\n.elementor-widget-text-editor.elementor-drop-cap-view-stacked .elementor-drop-cap{background-color:#69727d;color:#fff}.elementor-widget-text-editor.elementor-drop-cap-view-framed .elementor-drop-cap{color:#69727d;border:3px solid;background-color:transparent}.elementor-widget-text-editor:not(.elementor-drop-cap-view-default) .elementor-drop-cap{margin-top:8px}.elementor-widget-text-editor:not(.elementor-drop-cap-view-default) .elementor-drop-cap-letter{width:1em;height:1em}.elementor-widget-text-editor .elementor-drop-cap{float:left;text-align:center;line-height:1;font-size:50px}.elementor-widget-text-editor .elementor-drop-cap-letter{display:inline-block}<\/style>\t\t\t\t<p>\u201cCONVERGENCE OF QUINTESSENCE, GIFT OF HEALTH&#8221;<\/p>\n<p>VSK Group is a multi-industry private corporation in Vietnam whose core businesses are:<\/p>\n<ul>\n<li>Producing and distributing superior nutritional products of natural origin (salanganes nests, ginseng, etc.)<\/li>\n<li>Importing materials, packaging for production and business<\/li>\n<li>Providing travel, hotel and restaurant services<\/li>\n<\/ul>\t\t\t\t\t\t<\/div>\n\t\t\t\t<\/div>\n\t\t\t\t<div class=\"elementor-element elementor-element-ab6820f elementor-widget elementor-widget-heading\" data-id=\"ab6820f\" data-element_type=\"widget\" data-widget_type=\"heading.default\">\n\t\t\t\t<div class=\"elementor-widget-container\">\n\t\t\t<h2 class=\"elementor-heading-title elementor-size-default\">Vision:<\/h2>\t\t<\/div>\n\t\t\t\t<\/div>\n\t\t\t\t<div class=\"elementor-element elementor-element-4f1533d elementor-widget elementor-widget-text-editor\" data-id=\"4f1533d\" data-element_type=\"widget\" data-widget_type=\"text-editor.default\">\n\t\t\t\t<div class=\"elementor-widget-container\">\n\t\t\t\t\t\t\t<p>VSK Group has a vision to become a pioneer in Southeast Asia in the research and production of nutritional products to bring the best experience to consumers through its operating platform and modern technology.<\/p>\n\t\t\t\t\t\t<\/div>\n\t\t\t\t<\/div>\n\t\t\t\t<\/div>\n\t\t<div class=\"elementor-element elementor-element-07e5dec e-con-full e-flex e-con\" data-id=\"07e5dec\" data-element_type=\"container\" data-settings=\"{&quot;content_width&quot;:&quot;full&quot;}\">\n\t\t\t\t<div class=\"elementor-element elementor-element-5af1098 elementor-widget elementor-widget-image\" data-id=\"5af1098\" data-element_type=\"widget\" data-widget_type=\"image.default\">\n\t\t\t\t<div class=\"elementor-widget-container\">\n\t\t\t\t\t\t\t\t\t\t\t\t\t\t\t<img loading=\"lazy\" decoding=\"async\" width=\"1600\" height=\"1068\" src=\"https:\/\/vskgroup.net\/wp-content\/uploads\/2023\/07\/DNG-1-min-1.jpg\" class=\"attachment-full size-full wp-image-163\" alt=\"\" srcset=\"https:\/\/vskgroup.net\/wp-content\/uploads\/2023\/07\/DNG-1-min-1.jpg 1600w, https:\/\/vskgroup.net\/wp-content\/uploads\/2023\/07\/DNG-1-min-1-300x200.jpg 300w, https:\/\/vskgroup.net\/wp-content\/uploads\/2023\/07\/DNG-1-min-1-1024x684.jpg 1024w, https:\/\/vskgroup.net\/wp-content\/uploads\/2023\/07\/DNG-1-min-1-768x513.jpg 768w, https:\/\/vskgroup.net\/wp-content\/uploads\/2023\/07\/DNG-1-min-1-1536x1025.jpg 1536w\" sizes=\"auto, (max-width: 1600px) 100vw, 1600px\" \/>\t\t\t\t\t\t\t\t\t\t\t\t\t\t\t<\/div>\n\t\t\t\t<\/div>\n\t\t\t\t<\/div>\n\t\t\t\t\t<\/div>\n\t\t\t\t<\/div>\n\t\t<div class=\"elementor-element elementor-element-4fcb134 e-flex e-con-boxed e-con\" data-id=\"4fcb134\" data-element_type=\"container\" data-settings=\"{&quot;content_width&quot;:&quot;boxed&quot;}\">\n\t\t\t\t\t<div class=\"e-con-inner\">\n\t\t\t\t<div class=\"elementor-element elementor-element-e921d58 elementor-widget elementor-widget-heading\" data-id=\"e921d58\" data-element_type=\"widget\" data-widget_type=\"heading.default\">\n\t\t\t\t<div class=\"elementor-widget-container\">\n\t\t\t<h2 class=\"elementor-heading-title elementor-size-default\">Mission:<\/h2>\t\t<\/div>\n\t\t\t\t<\/div>\n\t\t\t\t<div class=\"elementor-element elementor-element-75dc41e elementor-widget elementor-widget-text-editor\" data-id=\"75dc41e\" data-element_type=\"widget\" data-widget_type=\"text-editor.default\">\n\t\t\t\t<div class=\"elementor-widget-container\">\n\t\t\t\t\t\t\t<p style=\"text-align: left;\">Bringing to the community nutritional solutions in the field of foods and beverages of natural origin, helping to take care of comprehensive health for consumers. At the same time, we build a working environment towards transparent, creative and sustainable development in which the development of each individual and organization goes hand in hand.<\/p>\n\t\t\t\t\t\t<\/div>\n\t\t\t\t<\/div>\n\t\t\t\t<div class=\"elementor-element elementor-element-6406793 elementor-widget elementor-widget-heading\" data-id=\"6406793\" data-element_type=\"widget\" data-widget_type=\"heading.default\">\n\t\t\t\t<div class=\"elementor-widget-container\">\n\t\t\t<h2 class=\"elementor-heading-title elementor-size-default\">Core values<\/h2>\t\t<\/div>\n\t\t\t\t<\/div>\n\t\t\t\t<div class=\"elementor-element elementor-element-987dc91 elementor-widget elementor-widget-image\" data-id=\"987dc91\" data-element_type=\"widget\" data-widget_type=\"image.default\">\n\t\t\t\t<div class=\"elementor-widget-container\">\n\t\t\t\t\t\t\t\t\t\t\t\t\t\t\t<img decoding=\"async\" src=\"https:\/\/vskgroup.net\/wp-content\/uploads\/elementor\/thumbs\/corevalues_FN-011-q9o46aiz215cqvc86sd9fzby4j99q4aec5oevwl4es.png\" title=\"corevalues_FN-01(1)\" alt=\"corevalues_FN-01(1)\" loading=\"lazy\" \/>\t\t\t\t\t\t\t\t\t\t\t\t\t\t\t<\/div>\n\t\t\t\t<\/div>\n\t\t\t\t<div class=\"elementor-element elementor-element-0db845d elementor-widget elementor-widget-heading\" data-id=\"0db845d\" data-element_type=\"widget\" data-widget_type=\"heading.default\">\n\t\t\t\t<div class=\"elementor-widget-container\">\n\t\t\t<h2 class=\"elementor-heading-title elementor-size-default\">Leadership Team<\/h2>\t\t<\/div>\n\t\t\t\t<\/div>\n\t\t\t\t\t<\/div>\n\t\t\t\t<\/div>\n\t\t<div class=\"elementor-element elementor-element-da2d0d5 e-flex e-con-boxed e-con\" data-id=\"da2d0d5\" data-element_type=\"container\" data-settings=\"{&quot;content_width&quot;:&quot;boxed&quot;}\">\n\t\t\t\t\t<div class=\"e-con-inner\">\n\t\t\t\t<div class=\"elementor-element elementor-element-775b784 elementor-widget elementor-widget-image\" data-id=\"775b784\" data-element_type=\"widget\" data-widget_type=\"image.default\">\n\t\t\t\t<div class=\"elementor-widget-container\">\n\t\t\t\t\t\t\t\t\t\t\t\t\t\t\t<img loading=\"lazy\" decoding=\"async\" width=\"1633\" height=\"679\" src=\"https:\/\/vskgroup.net\/wp-content\/uploads\/2023\/07\/leader_team_1.jpg\" class=\"attachment-full size-full wp-image-6220\" alt=\"\" srcset=\"https:\/\/vskgroup.net\/wp-content\/uploads\/2023\/07\/leader_team_1.jpg 1633w, https:\/\/vskgroup.net\/wp-content\/uploads\/2023\/07\/leader_team_1-300x125.jpg 300w, https:\/\/vskgroup.net\/wp-content\/uploads\/2023\/07\/leader_team_1-1024x426.jpg 1024w, https:\/\/vskgroup.net\/wp-content\/uploads\/2023\/07\/leader_team_1-768x319.jpg 768w, https:\/\/vskgroup.net\/wp-content\/uploads\/2023\/07\/leader_team_1-1536x639.jpg 1536w\" sizes=\"auto, (max-width: 1633px) 100vw, 1633px\" \/>\t\t\t\t\t\t\t\t\t\t\t\t\t\t\t<\/div>\n\t\t\t\t<\/div>\n\t\t\t\t\t<\/div>\n\t\t\t\t<\/div>\n\t\t\t\t\t\t<\/div>\n\t\t<\/p>\n<\/div>\n\t\t\t\t\t\t\t\t\t<div class=\"elementor-tab-title elementor-tab-mobile-title\" aria-selected=\"false\" data-tab=\"2\" role=\"tab\" tabindex=\"-1\" aria-controls=\"elementor-tab-content-2262\" aria-expanded=\"false\">A member company<\/div>\n\t\t\t\t\t<div id=\"elementor-tab-content-2262\" class=\"elementor-tab-content elementor-clearfix\" data-tab=\"2\" role=\"tabpanel\" aria-labelledby=\"elementor-tab-title-2262\" tabindex=\"0\" hidden=\"hidden\"><p>\t\t<div data-elementor-type=\"section\" data-elementor-id=\"976\" class=\"elementor elementor-976 elementor-172\" data-elementor-post-type=\"elementor_library\">\n\t\t\t\t\t\t<div class=\"elementor-element elementor-element-500ac82 e-flex e-con-boxed e-con\" data-id=\"500ac82\" data-element_type=\"container\" data-settings=\"{&quot;content_width&quot;:&quot;boxed&quot;}\">\n\t\t\t\t\t<div class=\"e-con-inner\">\n\t\t\t\t\t<\/div>\n\t\t\t\t<\/div>\n\t\t\t\t\t\t<\/div>\n\t\t<\/p>\n<\/div>\n\t\t\t\t\t\t\t<\/div>\n\t\t<\/div>\n\t\t\t\t<\/div>\n\t\t\t\t<\/div>\n\t\t\t\t\t<\/div>\n\t\t\t\t<\/div>\n\t\t\t\t\t\t\t<\/div>\n\t\t","protected":false},"excerpt":{"rendered":"<p>Vision &#8211; Mission A member company Vision &#8211; Mission GI\u1edaI THI\u1ec6U VSK Group l\u00e0 m\u1ed9t T\u1eadp \u0111o\u00e0n kinh t\u1ebf t\u01b0 nh\u00e2n \u0111a ng\u00e0nh c\u1ee7a Vi\u1ec7t Nam, ho\u1ea1t \u0111\u1ed9ng trong c\u00e1c l\u0129nh v\u1ef1c kinh doanh c\u1ed1t l\u00f5i: S\u1ea3n xu\u1ea5t v\u00e0 ph\u00e2n ph\u1ed1i c\u00e1c s\u1ea3n ph\u1ea9m dinh d\u01b0\u1ee1ng cao c\u1ea5p c\u00f3 ngu\u1ed3n g\u1ed1c t\u1eeb thi\u00ean nhi\u00ean (y\u1ebfn [&hellip;]<\/p>\n","protected":false},"author":1,"featured_media":0,"parent":0,"menu_order":0,"comment_status":"closed","ping_status":"closed","template":"elementor_header_footer","meta":{"footnotes":""},"class_list":["post-2714","page","type-page","status-publish","hentry"],"acf":[],"yoast_head":"<!-- This site is optimized with the Yoast SEO plugin v21.0 - https:\/\/yoast.com\/wordpress\/plugins\/seo\/ -->\n<title>About Us - VSK Group<\/title>\n<meta name=\"robots\" content=\"index, follow, max-snippet:-1, max-image-preview:large, max-video-preview:-1\" \/>\n<link rel=\"canonical\" href=\"https:\/\/vskgroup.net\/ve-chung-toi\/\" \/>\n<meta property=\"og:locale\" content=\"en_US\" \/>\n<meta property=\"og:type\" content=\"article\" \/>\n<meta property=\"og:title\" content=\"About Us - VSK Group\" \/>\n<meta property=\"og:description\" content=\"Vision &#8211; Mission A member company Vision &#8211; Mission GI\u1edaI THI\u1ec6U VSK Group l\u00e0 m\u1ed9t T\u1eadp \u0111o\u00e0n kinh t\u1ebf t\u01b0 nh\u00e2n \u0111a ng\u00e0nh c\u1ee7a Vi\u1ec7t Nam, ho\u1ea1t \u0111\u1ed9ng trong c\u00e1c l\u0129nh v\u1ef1c kinh doanh c\u1ed1t l\u00f5i: S\u1ea3n xu\u1ea5t v\u00e0 ph\u00e2n ph\u1ed1i c\u00e1c s\u1ea3n ph\u1ea9m dinh d\u01b0\u1ee1ng cao c\u1ea5p c\u00f3 ngu\u1ed3n g\u1ed1c t\u1eeb thi\u00ean nhi\u00ean (y\u1ebfn [&hellip;]\" \/>\n<meta property=\"og:url\" content=\"https:\/\/vskgroup.net\/ve-chung-toi\/\" \/>\n<meta property=\"og:site_name\" content=\"VSK Group\" \/>\n<meta property=\"article:publisher\" content=\"https:\/\/www.facebook.com\/yenthienviet\" \/>\n<meta property=\"article:modified_time\" content=\"2023-08-05T02:12:14+00:00\" \/>\n<meta property=\"og:image\" content=\"https:\/\/vskgroup.net\/wp-content\/uploads\/2023\/07\/6-5831-scaled.jpg\" \/>\n<meta name=\"twitter:card\" content=\"summary_large_image\" \/>\n<meta name=\"twitter:label1\" content=\"Est. reading time\" \/>\n\t<meta name=\"twitter:data1\" content=\"2 minutes\" \/>\n<script type=\"application\/ld+json\" class=\"yoast-schema-graph\">{\"@context\":\"https:\/\/schema.org\",\"@graph\":[{\"@type\":\"WebPage\",\"@id\":\"https:\/\/vskgroup.net\/ve-chung-toi\/\",\"url\":\"https:\/\/vskgroup.net\/ve-chung-toi\/\",\"name\":\"About Us - VSK Group\",\"isPartOf\":{\"@id\":\"https:\/\/vskgroup.net\/#website\"},\"datePublished\":\"2023-07-18T09:12:13+00:00\",\"dateModified\":\"2023-08-05T02:12:14+00:00\",\"breadcrumb\":{\"@id\":\"https:\/\/vskgroup.net\/ve-chung-toi\/#breadcrumb\"},\"inLanguage\":\"en-US\",\"potentialAction\":[{\"@type\":\"ReadAction\",\"target\":[\"https:\/\/vskgroup.net\/ve-chung-toi\/\"]}]},{\"@type\":\"BreadcrumbList\",\"@id\":\"https:\/\/vskgroup.net\/ve-chung-toi\/#breadcrumb\",\"itemListElement\":[{\"@type\":\"ListItem\",\"position\":1,\"name\":\"Home\",\"item\":\"https:\/\/vskgroup.net\/en\/\"},{\"@type\":\"ListItem\",\"position\":2,\"name\":\"About Us\"}]},{\"@type\":\"WebSite\",\"@id\":\"https:\/\/vskgroup.net\/#website\",\"url\":\"https:\/\/vskgroup.net\/\",\"name\":\"VSK Group\",\"description\":\"\",\"publisher\":{\"@id\":\"https:\/\/vskgroup.net\/#organization\"},\"potentialAction\":[{\"@type\":\"SearchAction\",\"target\":{\"@type\":\"EntryPoint\",\"urlTemplate\":\"https:\/\/vskgroup.net\/?s={search_term_string}\"},\"query-input\":\"required name=search_term_string\"}],\"inLanguage\":\"en-US\"},{\"@type\":\"Organization\",\"@id\":\"https:\/\/vskgroup.net\/#organization\",\"name\":\"VSK Group\",\"url\":\"https:\/\/vskgroup.net\/\",\"logo\":{\"@type\":\"ImageObject\",\"inLanguage\":\"en-US\",\"@id\":\"https:\/\/vskgroup.net\/#\/schema\/logo\/image\/\",\"url\":\"https:\/\/vskgroup.net\/wp-content\/uploads\/2023\/07\/vsk-group-logo-9797.png\",\"contentUrl\":\"https:\/\/vskgroup.net\/wp-content\/uploads\/2023\/07\/vsk-group-logo-9797.png\",\"width\":206,\"height\":75,\"caption\":\"VSK Group\"},\"image\":{\"@id\":\"https:\/\/vskgroup.net\/#\/schema\/logo\/image\/\"},\"sameAs\":[\"https:\/\/www.facebook.com\/yenthienviet\"]}]}<\/script>\n<!-- \/ Yoast SEO plugin. -->","yoast_head_json":{"title":"About Us - VSK Group","robots":{"index":"index","follow":"follow","max-snippet":"max-snippet:-1","max-image-preview":"max-image-preview:large","max-video-preview":"max-video-preview:-1"},"canonical":"https:\/\/vskgroup.net\/ve-chung-toi\/","og_locale":"en_US","og_type":"article","og_title":"About Us - VSK Group","og_description":"Vision &#8211; Mission A member company Vision &#8211; Mission GI\u1edaI THI\u1ec6U VSK Group l\u00e0 m\u1ed9t T\u1eadp \u0111o\u00e0n kinh t\u1ebf t\u01b0 nh\u00e2n \u0111a ng\u00e0nh c\u1ee7a Vi\u1ec7t Nam, ho\u1ea1t \u0111\u1ed9ng trong c\u00e1c l\u0129nh v\u1ef1c kinh doanh c\u1ed1t l\u00f5i: S\u1ea3n xu\u1ea5t v\u00e0 ph\u00e2n ph\u1ed1i c\u00e1c s\u1ea3n ph\u1ea9m dinh d\u01b0\u1ee1ng cao c\u1ea5p c\u00f3 ngu\u1ed3n g\u1ed1c t\u1eeb thi\u00ean nhi\u00ean (y\u1ebfn [&hellip;]","og_url":"https:\/\/vskgroup.net\/ve-chung-toi\/","og_site_name":"VSK Group","article_publisher":"https:\/\/www.facebook.com\/yenthienviet","article_modified_time":"2023-08-05T02:12:14+00:00","og_image":[{"url":"https:\/\/vskgroup.net\/wp-content\/uploads\/2023\/07\/6-5831-scaled.jpg"}],"twitter_card":"summary_large_image","twitter_misc":{"Est. reading time":"2 minutes"},"schema":{"@context":"https:\/\/schema.org","@graph":[{"@type":"WebPage","@id":"https:\/\/vskgroup.net\/ve-chung-toi\/","url":"https:\/\/vskgroup.net\/ve-chung-toi\/","name":"About Us - VSK Group","isPartOf":{"@id":"https:\/\/vskgroup.net\/#website"},"datePublished":"2023-07-18T09:12:13+00:00","dateModified":"2023-08-05T02:12:14+00:00","breadcrumb":{"@id":"https:\/\/vskgroup.net\/ve-chung-toi\/#breadcrumb"},"inLanguage":"en-US","potentialAction":[{"@type":"ReadAction","target":["https:\/\/vskgroup.net\/ve-chung-toi\/"]}]},{"@type":"BreadcrumbList","@id":"https:\/\/vskgroup.net\/ve-chung-toi\/#breadcrumb","itemListElement":[{"@type":"ListItem","position":1,"name":"Home","item":"https:\/\/vskgroup.net\/en\/"},{"@type":"ListItem","position":2,"name":"About Us"}]},{"@type":"WebSite","@id":"https:\/\/vskgroup.net\/#website","url":"https:\/\/vskgroup.net\/","name":"VSK Group","description":"","publisher":{"@id":"https:\/\/vskgroup.net\/#organization"},"potentialAction":[{"@type":"SearchAction","target":{"@type":"EntryPoint","urlTemplate":"https:\/\/vskgroup.net\/?s={search_term_string}"},"query-input":"required name=search_term_string"}],"inLanguage":"en-US"},{"@type":"Organization","@id":"https:\/\/vskgroup.net\/#organization","name":"VSK Group","url":"https:\/\/vskgroup.net\/","logo":{"@type":"ImageObject","inLanguage":"en-US","@id":"https:\/\/vskgroup.net\/#\/schema\/logo\/image\/","url":"https:\/\/vskgroup.net\/wp-content\/uploads\/2023\/07\/vsk-group-logo-9797.png","contentUrl":"https:\/\/vskgroup.net\/wp-content\/uploads\/2023\/07\/vsk-group-logo-9797.png","width":206,"height":75,"caption":"VSK Group"},"image":{"@id":"https:\/\/vskgroup.net\/#\/schema\/logo\/image\/"},"sameAs":["https:\/\/www.facebook.com\/yenthienviet"]}]}},"_links":{"self":[{"href":"https:\/\/vskgroup.net\/en\/wp-json\/wp\/v2\/pages\/2714","targetHints":{"allow":["GET"]}}],"collection":[{"href":"https:\/\/vskgroup.net\/en\/wp-json\/wp\/v2\/pages"}],"about":[{"href":"https:\/\/vskgroup.net\/en\/wp-json\/wp\/v2\/types\/page"}],"author":[{"embeddable":true,"href":"https:\/\/vskgroup.net\/en\/wp-json\/wp\/v2\/users\/1"}],"replies":[{"embeddable":true,"href":"https:\/\/vskgroup.net\/en\/wp-json\/wp\/v2\/comments?post=2714"}],"version-history":[{"count":5,"href":"https:\/\/vskgroup.net\/en\/wp-json\/wp\/v2\/pages\/2714\/revisions"}],"predecessor-version":[{"id":3274,"href":"https:\/\/vskgroup.net\/en\/wp-json\/wp\/v2\/pages\/2714\/revisions\/3274"}],"wp:attachment":[{"href":"https:\/\/vskgroup.net\/en\/wp-json\/wp\/v2\/media?parent=2714"}],"curies":[{"name":"wp","href":"https:\/\/api.w.org\/{rel}","templated":true}]}}